{"id":563,"date":"2025-09-25T02:24:00","date_gmt":"2025-09-25T00:24:00","guid":{"rendered":"https:\/\/tp-link.mx\/omada\/?page_id=563"},"modified":"2026-03-18T02:45:04","modified_gmt":"2026-03-18T01:45:04","slug":"omada-residencial","status":"publish","type":"page","link":"https:\/\/tp-link.mx\/omada-vigi\/omada-residencial\/","title":{"rendered":"Omada by TP-Link &#8211; Residencial"},"content":{"rendered":"\n<p>El crecimiento exponencial del uso de espacios habitables para oficinas remotas, aprendizaje y entretenimiento hace que la experiencia de red sea fundamental. Las soluciones <strong>Omada by TP-Link<\/strong>, especialmente dise\u00f1adas para las necesidades de las unidades multifamiliares (MDU), crean vidas conectadas y seguras para los inquilinos, adem\u00e1s de una experiencia de gesti\u00f3n sencilla para los administradores de propiedades.<\/p>\n\n\n\n<p>Cumple siempre las expectativas de todos los que llaman a tus propiedades con las tecnolog\u00edas de Omada by TP-Link para:<\/p>\n\n\n\n<p>\u2022 Incorporaci\u00f3n segura de Wi-Fi<br>\u2022 Redes cableadas e inal\u00e1mbricas siempre activas<br>\u2022 Gesti\u00f3n centralizada de todos los puntos de acceso, conmutadores y enrutadores<br>\u2022 F\u00e1cil gesti\u00f3n y mantenimiento de la red<\/p>\n\n\n\n<h3 class=\"wp-block-heading\">Beneficios clave<\/h3>\n\n\n\n<p><strong>Seguridad siempre garantizada<\/strong><br>Con nuestra soluci\u00f3n, la seguridad siempre est\u00e1 garantizada: desde sistemas inal\u00e1mbricos de detecci\u00f3n y prevenci\u00f3n de intrusiones (WIDS\/WIPS) hasta un robusto IDS\/IPS que act\u00faa en tiempo real contra amenazas. Incorporamos cifrado avanzado WPA3 para blindar cada conexi\u00f3n y un control inteligente de aplicaciones que mantiene el entorno libre de riesgos. Todo esto respaldado por defensas activas frente a ataques, creando una capa de protecci\u00f3n completa y confiable para tu red.<\/p>\n\n\n\n<p><strong>Cobertura WiFI siempre activa<\/strong><br>Con nuestros puntos de acceso WiFi 7 y WiFi 6 multigigabit, llevamos el futuro de la conectividad a tu presente con la mejor cobertura inal\u00e1mbrica de su clase. Gracias al roaming impulsado por IA, disfruta de llamadas y transmisiones de video sin interrupciones en cada rinc\u00f3n del edificio. Adem\u00e1s, la implementaci\u00f3n automatizada de radiofrecuencia optimiza canales, potencia y ancho de banda de forma inteligente, asegurando una experiencia WiFi estable, veloz y siempre activa.<\/p>\n\n\n\n<p><strong>Gesti\u00f3n sencilla<br><\/strong>La gesti\u00f3n de tu red nunca hab\u00eda sido tan sencilla: controla todo de forma remota y centralizada desde el portal web de Omada SDN o directamente desde la app m\u00f3vil, est\u00e9s donde est\u00e9s. Con el modo de Proveedor de Servicios Gestionados (MSP) y la asignaci\u00f3n de privilegios multiinquilino, administra m\u00faltiples clientes, sitios y usuarios con total flexibilidad. Y gracias al inicio de sesi\u00f3n \u00fanico (SSO), olv\u00eddate de contrase\u00f1as repetidas y accede a la plataforma de manera r\u00e1pida y segura.<\/p>\n\n\n\n<p><strong>F\u00e1cil operaci\u00f3n y mantenimiento<br><\/strong>El aprovisionamiento sin intervenci\u00f3n permite implementar y configurar redes multisitio de forma remota, eliminando visitas innecesarias de ingenieros. Con la configuraci\u00f3n por lotes y la resoluci\u00f3n r\u00e1pida de problemas, los dispositivos se actualizan f\u00e1cilmente y las fallas se localizan en minutos. Adem\u00e1s, acelera la configuraci\u00f3n de hasta 256 VLAN, garantizando un rendimiento LAN-WAN siempre activo desde el primer d\u00eda.<\/p>\n\n\n\n<p><strong>Ideal para proyectos<br><\/strong>\u00bfBuscas una red confiable y siempre activa para tus proyectos residenciales? Completa el formulario y deja que nuestros expertos en Omada by TP-Link te gu\u00eden hacia la soluci\u00f3n ideal para el sector inmobiliario.<\/p>\n","protected":false},"excerpt":{"rendered":"<p>El crecimiento exponencial del uso de espacios habitables para oficinas remotas, aprendizaje y entretenimiento hace que la experiencia de red sea fundamental. Las soluciones <strong>Omada by TP-Link<\/strong>, especialmente dise\u00f1adas para las necesidades de las unidades multifamiliares (MDU), crean vidas conectadas y seguras para los inquilinos, adem\u00e1s de una experiencia de gesti\u00f3n sencilla para los administradores [&#8230;]<\/p>\n","protected":false},"author":3,"featured_media":604,"parent":0,"menu_order":0,"comment_status":"closed","ping_status":"closed","template":"page_templates\/omada-residencial.php","meta":{"footnotes":""},"tags":[100,106,98,105,101,103,99,104,102,96],"class_list":["post-563","page","type-page","status-publish","has-post-thumbnail","hentry","tag-omada-pro-mdu","tag-ppsk-omada","tag-redes-condominios","tag-residencias-estudiantiles","tag-roaming-en-edificios","tag-vlan-por-inquilino","tag-wifi-7-residencial","tag-wifi-para-departamentos","tag-wifi-residencial-mdu","tag-wpa3"],"yoast_head":"<!-- This site is optimized with the Yoast SEO plugin v27.4 - https:\/\/yoast.com\/product\/yoast-seo-wordpress\/ -->\n<title>Omada by TP-Link - Residencial |<\/title>\n<meta name=\"description\" content=\"El crecimiento exponencial del uso de espacios habitables para oficinas remotas, aprendizaje y entretenimiento hace que la experiencia de red sea fundamental. Las soluciones Omada by TP-Link, especialmente dise\u00f1adas para las necesidades de las unidades multifamiliares (MDU), crean vidas conectadas y seguras para los inquilinos, adem\u00e1s de una experiencia de gesti\u00f3n sencilla para los administradores de propiedades.\" \/>\n<meta name=\"robots\" content=\"index, follow, max-snippet:-1, max-image-preview:large, max-video-preview:-1\" \/>\n<link rel=\"canonical\" href=\"https:\/\/tp-link.mx\/omada-vigi\/omada-residencial\/\" \/>\n<meta property=\"og:locale\" content=\"es_ES\" \/>\n<meta property=\"og:type\" content=\"article\" \/>\n<meta property=\"og:title\" content=\"Omada by TP-Link - Residencial |\" \/>\n<meta property=\"og:description\" content=\"El crecimiento exponencial del uso de espacios habitables para oficinas remotas, aprendizaje y entretenimiento hace que la experiencia de red sea fundamental. Las soluciones Omada by TP-Link, especialmente dise\u00f1adas para las necesidades de las unidades multifamiliares (MDU), crean vidas conectadas y seguras para los inquilinos, adem\u00e1s de una experiencia de gesti\u00f3n sencilla para los administradores de propiedades.\" \/>\n<meta property=\"og:url\" content=\"https:\/\/tp-link.mx\/omada-vigi\/omada-residencial\/\" \/>\n<meta property=\"og:site_name\" content=\"Omada VIGI M\u00e9xico\" \/>\n<meta property=\"article:modified_time\" content=\"2026-03-18T01:45:04+00:00\" \/>\n<meta property=\"og:image\" content=\"https:\/\/tp-link.mx\/omada-vigi\/wp-content\/uploads\/Omada-Residencial-Principal-v2.jpg\" \/>\n\t<meta property=\"og:image:width\" content=\"1600\" \/>\n\t<meta property=\"og:image:height\" content=\"400\" \/>\n\t<meta property=\"og:image:type\" content=\"image\/jpeg\" \/>\n<meta name=\"twitter:card\" content=\"summary_large_image\" \/>\n<meta name=\"twitter:label1\" content=\"Tiempo de lectura\" \/>\n\t<meta name=\"twitter:data1\" content=\"3 minutos\" \/>\n<script type=\"application\/ld+json\" class=\"yoast-schema-graph\">{\"@context\":\"https:\\\/\\\/schema.org\",\"@graph\":[{\"@type\":\"WebPage\",\"@id\":\"https:\\\/\\\/tp-link.mx\\\/omada-vigi\\\/omada-residencial\\\/\",\"url\":\"https:\\\/\\\/tp-link.mx\\\/omada-vigi\\\/omada-residencial\\\/\",\"name\":\"Omada by TP-Link - Residencial |\",\"isPartOf\":{\"@id\":\"https:\\\/\\\/tp-link.mx\\\/omada-vigi\\\/#website\"},\"primaryImageOfPage\":{\"@id\":\"https:\\\/\\\/tp-link.mx\\\/omada-vigi\\\/omada-residencial\\\/#primaryimage\"},\"image\":{\"@id\":\"https:\\\/\\\/tp-link.mx\\\/omada-vigi\\\/omada-residencial\\\/#primaryimage\"},\"thumbnailUrl\":\"https:\\\/\\\/tp-link.mx\\\/omada-vigi\\\/wp-content\\\/uploads\\\/Omada-Residencial-Principal-v2.jpg\",\"datePublished\":\"2025-09-25T00:24:00+00:00\",\"dateModified\":\"2026-03-18T01:45:04+00:00\",\"description\":\"El crecimiento exponencial del uso de espacios habitables para oficinas remotas, aprendizaje y entretenimiento hace que la experiencia de red sea fundamental. Las soluciones Omada by TP-Link, especialmente dise\u00f1adas para las necesidades de las unidades multifamiliares (MDU), crean vidas conectadas y seguras para los inquilinos, adem\u00e1s de una experiencia de gesti\u00f3n sencilla para los administradores de propiedades.\",\"breadcrumb\":{\"@id\":\"https:\\\/\\\/tp-link.mx\\\/omada-vigi\\\/omada-residencial\\\/#breadcrumb\"},\"inLanguage\":\"es\",\"potentialAction\":[{\"@type\":\"ReadAction\",\"target\":[\"https:\\\/\\\/tp-link.mx\\\/omada-vigi\\\/omada-residencial\\\/\"]}]},{\"@type\":\"ImageObject\",\"inLanguage\":\"es\",\"@id\":\"https:\\\/\\\/tp-link.mx\\\/omada-vigi\\\/omada-residencial\\\/#primaryimage\",\"url\":\"https:\\\/\\\/tp-link.mx\\\/omada-vigi\\\/wp-content\\\/uploads\\\/Omada-Residencial-Principal-v2.jpg\",\"contentUrl\":\"https:\\\/\\\/tp-link.mx\\\/omada-vigi\\\/wp-content\\\/uploads\\\/Omada-Residencial-Principal-v2.jpg\",\"width\":1600,\"height\":400},{\"@type\":\"BreadcrumbList\",\"@id\":\"https:\\\/\\\/tp-link.mx\\\/omada-vigi\\\/omada-residencial\\\/#breadcrumb\",\"itemListElement\":[{\"@type\":\"ListItem\",\"position\":1,\"name\":\"Portada\",\"item\":\"https:\\\/\\\/tp-link.mx\\\/omada-vigi\\\/\"},{\"@type\":\"ListItem\",\"position\":2,\"name\":\"Omada by TP-Link &#8211; Residencial\"}]},{\"@type\":\"WebSite\",\"@id\":\"https:\\\/\\\/tp-link.mx\\\/omada-vigi\\\/#website\",\"url\":\"https:\\\/\\\/tp-link.mx\\\/omada-vigi\\\/\",\"name\":\"Omada VIGI M\u00e9xico\",\"description\":\"Soluciones Empresariales de TP-Link\",\"publisher\":{\"@id\":\"https:\\\/\\\/tp-link.mx\\\/omada-vigi\\\/#organization\"},\"potentialAction\":[{\"@type\":\"SearchAction\",\"target\":{\"@type\":\"EntryPoint\",\"urlTemplate\":\"https:\\\/\\\/tp-link.mx\\\/omada-vigi\\\/?s={search_term_string}\"},\"query-input\":{\"@type\":\"PropertyValueSpecification\",\"valueRequired\":true,\"valueName\":\"search_term_string\"}}],\"inLanguage\":\"es\"},{\"@type\":\"Organization\",\"@id\":\"https:\\\/\\\/tp-link.mx\\\/omada-vigi\\\/#organization\",\"name\":\"Omada VIGI M\u00e9xico\",\"url\":\"https:\\\/\\\/tp-link.mx\\\/omada-vigi\\\/\",\"logo\":{\"@type\":\"ImageObject\",\"inLanguage\":\"es\",\"@id\":\"https:\\\/\\\/tp-link.mx\\\/omada-vigi\\\/#\\\/schema\\\/logo\\\/image\\\/\",\"url\":\"https:\\\/\\\/tp-link.mx\\\/omada-vigi\\\/wp-content\\\/uploads\\\/cropped-Screenshot-4.png\",\"contentUrl\":\"https:\\\/\\\/tp-link.mx\\\/omada-vigi\\\/wp-content\\\/uploads\\\/cropped-Screenshot-4.png\",\"width\":563,\"height\":272,\"caption\":\"Omada VIGI M\u00e9xico\"},\"image\":{\"@id\":\"https:\\\/\\\/tp-link.mx\\\/omada-vigi\\\/#\\\/schema\\\/logo\\\/image\\\/\"}}]}<\/script>\n<!-- \/ Yoast SEO plugin. -->","yoast_head_json":{"title":"Omada by TP-Link - Residencial |","description":"El crecimiento exponencial del uso de espacios habitables para oficinas remotas, aprendizaje y entretenimiento hace que la experiencia de red sea fundamental. Las soluciones Omada by TP-Link, especialmente dise\u00f1adas para las necesidades de las unidades multifamiliares (MDU), crean vidas conectadas y seguras para los inquilinos, adem\u00e1s de una experiencia de gesti\u00f3n sencilla para los administradores de propiedades.","robots":{"index":"index","follow":"follow","max-snippet":"max-snippet:-1","max-image-preview":"max-image-preview:large","max-video-preview":"max-video-preview:-1"},"canonical":"https:\/\/tp-link.mx\/omada-vigi\/omada-residencial\/","og_locale":"es_ES","og_type":"article","og_title":"Omada by TP-Link - Residencial |","og_description":"El crecimiento exponencial del uso de espacios habitables para oficinas remotas, aprendizaje y entretenimiento hace que la experiencia de red sea fundamental. Las soluciones Omada by TP-Link, especialmente dise\u00f1adas para las necesidades de las unidades multifamiliares (MDU), crean vidas conectadas y seguras para los inquilinos, adem\u00e1s de una experiencia de gesti\u00f3n sencilla para los administradores de propiedades.","og_url":"https:\/\/tp-link.mx\/omada-vigi\/omada-residencial\/","og_site_name":"Omada VIGI M\u00e9xico","article_modified_time":"2026-03-18T01:45:04+00:00","og_image":[{"width":1600,"height":400,"url":"https:\/\/tp-link.mx\/omada-vigi\/wp-content\/uploads\/Omada-Residencial-Principal-v2.jpg","type":"image\/jpeg"}],"twitter_card":"summary_large_image","twitter_misc":{"Tiempo de lectura":"3 minutos"},"schema":{"@context":"https:\/\/schema.org","@graph":[{"@type":"WebPage","@id":"https:\/\/tp-link.mx\/omada-vigi\/omada-residencial\/","url":"https:\/\/tp-link.mx\/omada-vigi\/omada-residencial\/","name":"Omada by TP-Link - Residencial |","isPartOf":{"@id":"https:\/\/tp-link.mx\/omada-vigi\/#website"},"primaryImageOfPage":{"@id":"https:\/\/tp-link.mx\/omada-vigi\/omada-residencial\/#primaryimage"},"image":{"@id":"https:\/\/tp-link.mx\/omada-vigi\/omada-residencial\/#primaryimage"},"thumbnailUrl":"https:\/\/tp-link.mx\/omada-vigi\/wp-content\/uploads\/Omada-Residencial-Principal-v2.jpg","datePublished":"2025-09-25T00:24:00+00:00","dateModified":"2026-03-18T01:45:04+00:00","description":"El crecimiento exponencial del uso de espacios habitables para oficinas remotas, aprendizaje y entretenimiento hace que la experiencia de red sea fundamental. Las soluciones Omada by TP-Link, especialmente dise\u00f1adas para las necesidades de las unidades multifamiliares (MDU), crean vidas conectadas y seguras para los inquilinos, adem\u00e1s de una experiencia de gesti\u00f3n sencilla para los administradores de propiedades.","breadcrumb":{"@id":"https:\/\/tp-link.mx\/omada-vigi\/omada-residencial\/#breadcrumb"},"inLanguage":"es","potentialAction":[{"@type":"ReadAction","target":["https:\/\/tp-link.mx\/omada-vigi\/omada-residencial\/"]}]},{"@type":"ImageObject","inLanguage":"es","@id":"https:\/\/tp-link.mx\/omada-vigi\/omada-residencial\/#primaryimage","url":"https:\/\/tp-link.mx\/omada-vigi\/wp-content\/uploads\/Omada-Residencial-Principal-v2.jpg","contentUrl":"https:\/\/tp-link.mx\/omada-vigi\/wp-content\/uploads\/Omada-Residencial-Principal-v2.jpg","width":1600,"height":400},{"@type":"BreadcrumbList","@id":"https:\/\/tp-link.mx\/omada-vigi\/omada-residencial\/#breadcrumb","itemListElement":[{"@type":"ListItem","position":1,"name":"Portada","item":"https:\/\/tp-link.mx\/omada-vigi\/"},{"@type":"ListItem","position":2,"name":"Omada by TP-Link &#8211; Residencial"}]},{"@type":"WebSite","@id":"https:\/\/tp-link.mx\/omada-vigi\/#website","url":"https:\/\/tp-link.mx\/omada-vigi\/","name":"Omada VIGI M\u00e9xico","description":"Soluciones Empresariales de TP-Link","publisher":{"@id":"https:\/\/tp-link.mx\/omada-vigi\/#organization"},"potentialAction":[{"@type":"SearchAction","target":{"@type":"EntryPoint","urlTemplate":"https:\/\/tp-link.mx\/omada-vigi\/?s={search_term_string}"},"query-input":{"@type":"PropertyValueSpecification","valueRequired":true,"valueName":"search_term_string"}}],"inLanguage":"es"},{"@type":"Organization","@id":"https:\/\/tp-link.mx\/omada-vigi\/#organization","name":"Omada VIGI M\u00e9xico","url":"https:\/\/tp-link.mx\/omada-vigi\/","logo":{"@type":"ImageObject","inLanguage":"es","@id":"https:\/\/tp-link.mx\/omada-vigi\/#\/schema\/logo\/image\/","url":"https:\/\/tp-link.mx\/omada-vigi\/wp-content\/uploads\/cropped-Screenshot-4.png","contentUrl":"https:\/\/tp-link.mx\/omada-vigi\/wp-content\/uploads\/cropped-Screenshot-4.png","width":563,"height":272,"caption":"Omada VIGI M\u00e9xico"},"image":{"@id":"https:\/\/tp-link.mx\/omada-vigi\/#\/schema\/logo\/image\/"}}]}},"_links":{"self":[{"href":"https:\/\/tp-link.mx\/omada-vigi\/wp-json\/wp\/v2\/pages\/563","targetHints":{"allow":["GET"]}}],"collection":[{"href":"https:\/\/tp-link.mx\/omada-vigi\/wp-json\/wp\/v2\/pages"}],"about":[{"href":"https:\/\/tp-link.mx\/omada-vigi\/wp-json\/wp\/v2\/types\/page"}],"author":[{"embeddable":true,"href":"https:\/\/tp-link.mx\/omada-vigi\/wp-json\/wp\/v2\/users\/3"}],"replies":[{"embeddable":true,"href":"https:\/\/tp-link.mx\/omada-vigi\/wp-json\/wp\/v2\/comments?post=563"}],"version-history":[{"count":3,"href":"https:\/\/tp-link.mx\/omada-vigi\/wp-json\/wp\/v2\/pages\/563\/revisions"}],"predecessor-version":[{"id":636,"href":"https:\/\/tp-link.mx\/omada-vigi\/wp-json\/wp\/v2\/pages\/563\/revisions\/636"}],"wp:featuredmedia":[{"embeddable":true,"href":"https:\/\/tp-link.mx\/omada-vigi\/wp-json\/wp\/v2\/media\/604"}],"wp:attachment":[{"href":"https:\/\/tp-link.mx\/omada-vigi\/wp-json\/wp\/v2\/media?parent=563"}],"wp:term":[{"taxonomy":"post_tag","embeddable":true,"href":"https:\/\/tp-link.mx\/omada-vigi\/wp-json\/wp\/v2\/tags?post=563"}],"curies":[{"name":"wp","href":"https:\/\/api.w.org\/{rel}","templated":true}]}}